{"id":988006,"date":"2022-04-18T10:33:21","date_gmt":"2022-04-18T07:33:21","guid":{"rendered":"https:\/\/semihhalezeroglu.com.tr\/?page_id=988006"},"modified":"2024-12-09T10:45:51","modified_gmt":"2024-12-09T07:45:51","slug":"about-me","status":"publish","type":"page","link":"https:\/\/semihhalezeroglu.com.tr\/en\/about-me\/","title":{"rendered":"About Me"},"content":{"rendered":"<div class=\"wpb-content-wrapper\">[vc_row pix_particles_check=&#8221;&#8221;][vc_column css=&#8221;.vc_custom_1733056885672{padding: 10px !important;background-color: #FFFFFF !important;border-radius: 5px !important;border-color: #FFFFFF !important;}&#8221;]<div id=\"img-fa9dffab691e296ab21e01716ef8d67d\" class=\"pix-img-element d-inline-block \" style=\"width:100%;\"><div class=\"pix-img-el  vc_custom_1732989923696    text-left d-inline-block  w-100 rounded\"  data-jarallax-element=\"5 \" data-xaxis=\"5\" data-yaxis=\"\"><img decoding=\"async\" width=\"1760\" height=\"667\" src=\"https:\/\/semihhalezeroglu.com.tr\/wp-content\/uploads\/2024\/11\/Prof.-Dr.-Semih-Halezeroglu.jpg\" class=\"pix-img-elem rounded\" alt=\"Image link\" srcset=\"https:\/\/semihhalezeroglu.com.tr\/wp-content\/uploads\/2024\/11\/Prof.-Dr.-Semih-Halezeroglu.jpg 1760w, https:\/\/semihhalezeroglu.com.tr\/wp-content\/uploads\/2024\/11\/Prof.-Dr.-Semih-Halezeroglu-300x114.jpg 300w, https:\/\/semihhalezeroglu.com.tr\/wp-content\/uploads\/2024\/11\/Prof.-Dr.-Semih-Halezeroglu-1024x388.jpg 1024w, https:\/\/semihhalezeroglu.com.tr\/wp-content\/uploads\/2024\/11\/Prof.-Dr.-Semih-Halezeroglu-768x291.jpg 768w, https:\/\/semihhalezeroglu.com.tr\/wp-content\/uploads\/2024\/11\/Prof.-Dr.-Semih-Halezeroglu-1536x582.jpg 1536w\" sizes=\"(max-width: 1760px) 100vw, 1760px\" \/><\/div><\/div><div  class=\"pix-heading-el text-left  vc_custom_1732989932972\"><h2 class=\"text-body-default font-weight-bold h2 heading-text el-title_custom_color mb-12\" style=\"\" data-anim-type=\"\" data-anim-delay=\"0\">Prof. Dr. Semih Halezero\u011flu<\/h2><\/div><div  class=\"pix-heading-el text-left  vc_custom_1732989940712\"><h4 class=\"text-body-default font-weight-bold h4 heading-text el-title_custom_color mb-12\" style=\"\" data-anim-type=\"\" data-anim-delay=\"0\">Head of Thoracic Surgery Department at Ac\u0131badem University Faculty of Medicine<\/h4><\/div>[vc_column_text css=&#8221;&#8221;]\r\n<ul>\r\n \t<li>Istanbul University, Cerrahpa\u015fa Faculty of Medicine (1981-1987)<\/li>\r\n \t<li>Thoracic Surgery Specialist (1992)<\/li>\r\n \t<li>Associate Professor (2001)<\/li>\r\n \t<li>European Certification in Thoracic, Cardiac, and Vascular Surgery (FETCS) (2001)<\/li>\r\n \t<li>Professor (2008)<\/li>\r\n<\/ul>\r\n<strong><img decoding=\"async\" class=\"alignright size-full wp-image-987799\" src=\"https:\/\/semihhalezeroglu.com.tr\/wp-content\/uploads\/2024\/11\/Japonya.jpg\" alt=\"\" width=\"250\" height=\"225\" \/>Minimally Invasive Lung Surgeries:<\/strong> He is the first surgeon to perform thoracoscopic minimally invasive lung surgeries in Turkey (1992). His specialty thesis is the first written resource on this topic in the country.\r\n\r\nHe performed the first minimally invasive lung cancer surgery in Turkey in 2001.\r\n\r\nHe introduced the first single-port VATS surgery (Uniportal VATS) in Turkey in 2009.\r\n\r\nHe is currently serving as the Director of Thoracic Surgery at Ac\u0131badem Maslak Hospital, the largest private hospital in Turkey.[\/vc_column_text][\/vc_column][\/vc_row][vc_row pix_particles_check=&#8221;&#8221; css=&#8221;.vc_custom_1733057006613{margin-top: 20px !important;}&#8221;][vc_column css=&#8221;.vc_custom_1733056962322{padding: 10px !important;background-color: #FFFFFF !important;border-radius: 10px !important;border-color: #FFFFFF !important;}&#8221;]<div class=\"accordion w-100 accordion-card \" id=\"accordion-1732988933843-85c7233e-3973\"><div class=\"card \">\n   <div class=\"card-header bg-white pix-mb-10 shadow-sm rounded-lg\" id=\"heading1732991565226-018a17bb-eb30\">\n       <button class=\"btn btn-link text-left rounded-lg bg-white\" type=\"button\" data-toggle=\"collapse\" data-target=\"#collapse1732991565226-018a17bb-eb30\" aria-expanded=\"true\" aria-controls=\"collapse1732991565226-018a17bb-eb30\" ><span class=\"font-weight-bold text-heading-default\" >Resume<\/span><\/button>\n   <\/div>\n   <div id=\"collapse1732991565226-018a17bb-eb30\" class=\"collapse show  vc_custom_1733084782655\" aria-labelledby=\"heading1732991565226-018a17bb-eb30\">\n     <div class=\"card-body\">\n         [vc_column_text css=&#8221;&#8221;]\r\n\r\n<section id=\"kqibylytqnxdtgwmcbyomjpafomaelklzpku\" class=\"brz-section brz-css-zjwnr\" data-brz-uid=\"kqibylytqnxdtgwmcbyomjpafomaelklzpku\">\r\n<div class=\"brz-section__content brz-section--boxed brz-css-eiaoa brz-css-fcqra\" data-brz-custom-id=\"gdmwdbvipdzimuarypkbkuiefadtugwjcehd\">\r\n<div class=\"brz-bg\">\r\n<div class=\"brz-bg-color\">\r\n<div class=\"brz-line brz-line-default brz-css-svzjg brz-css-qqvfc\" data-brz-custom-id=\"csegdzaeyxtltthwfraybhbbboakozduclqu\">\r\n<div class=\"brz-rich-text brz-rich-text__custom brz-css-rbdpy\" data-brz-custom-id=\"hbrraaejxeyxzroqplpaevgerfctmpozsusp\">\r\n<div data-brz-translate-text=\"1\">\r\n\r\nI was born in Trabzon in 1965. I graduated from Cerrahpa\u015fa Faculty of Medicine in 1987 and started my career as a health center doctor in Bazlamba\u00e7 village of \u00c7ekerek district of Yozgat.\r\n\r\nOne year later, I started my thoracic surgery specialty training at Heybeliada Chest Diseases and Thoracic Surgery Center, one of the leading hospitals in our country in its field, and received my specialty certificate in 1992. My specialization thesis was about the closed chest surgery operation, that is, thoracoscopy, which was performed for the first time in our country.\r\n\r\nIn 2001, I became the first associate professor of thoracic surgery in Istanbul. In the same year, I became the first Turkish thoracic surgeon to receive the Fellow of European Board of Thoracic and Cardiovascular Surgery. In 2002, I organized and chaired the Annual Scientific Congress of the European Association of Thoracic Surgeons, the first and only in our country.\r\n\r\nIn 2005, I had the honor of being the first Turkish thoracic surgeon to be elected as the President of the European Association of Thoracic Surgeons, the world&#8217;s largest thoracic surgery association with members from more than 90 countries. (Image: Presidential Medal Ceremony of the European Association of Thoracic Surgeons, Barcelona). In 2006, I became the founding president of the European School of Thoracic Surgery and held this position for 5 years.\r\n\r\n<\/div>\r\n<\/div>\r\n<\/div>\r\n<\/div>\r\n<\/div>\r\n<\/div>\r\n<\/section><section id=\"ofhxknikhbzlrshlwsmukcpoivutmycmnuuo\" class=\"brz-section brz-css-zjwnr\" data-brz-uid=\"ofhxknikhbzlrshlwsmukcpoivutmycmnuuo\">\r\n<div class=\"brz-section__content brz-section--boxed brz-css-eiaoa brz-css-plgzu\" data-brz-custom-id=\"mtmgxxkowenxjywgdfgpyqevasbmtvgjjssh\">\r\n<div class=\"brz-container brz-css-lacda\">\r\n<div class=\"brz-row__container brz-css-qwkhd\" data-brz-custom-id=\"ovahgvipprzvyyqfbnmthwedzocfghklihsc\">\r\n<div class=\"brz-row brz-css-qnpbz brz-css-vywea\">\r\n<div class=\"brz-columns brz-css-amzgg brz-css-siepr\" data-brz-custom-id=\"xupcxbshotzpikpcgryhrxypmibfoczcnpoc\">\r\n<div class=\"brz-column__items brz-css-bahnk brz-css-sbrgc\">\r\n<div id=\"\" class=\"brz-css-mkpph brz-css-cjilt brz-wrapper\">\r\n<div class=\"brz-rich-text brz-rich-text__custom brz-css-rbdpy\" data-brz-custom-id=\"zxjoctprxmgvgvxhfewtrxjpiztwryssvhxj\">\r\n<div data-brz-translate-text=\"1\">\r\n\r\nBetween 2003 and 2008, I worked as both chief physician and thoracic surgery clinic chief at S\u00fcreyyapa\u015fa Chest Diseases and Thoracic Surgery Center. I resigned from these positions of my own accord in 2008. During my duty as chief physician, together with our entire team, we managed to bring S\u00fcreyyapa\u015fa Hospital to the second place in the quality ranking among 47 public hospitals in Istanbul (with the Quality Reviews of the Istanbul Health Directorate). During this time, I was honored twice with a letter of appreciation from the Istanbul Governorship for my contributions to health services. In 2012, I was invited to \u00c7ankaya Mansion by our Presidency to attend the 29 October Republic Ball.\r\n\r\nIn 2008, I received the title of professor of thoracic surgery given by the Interuniversity Board. Since 2009, I have been continuing to train new doctors at Ac\u0131badem Maslak Hospital, where I had the opportunity to practice my profession in the best way possible, and also as the Head of the Department of Thoracic Surgery at Ac\u0131badem University Faculty of Medicine.\r\n\r\n<\/div>\r\n<\/div>\r\n<\/div>\r\n<\/div>\r\n<\/div>\r\n<\/div>\r\n<\/div>\r\n<\/div>\r\n<\/div>\r\n<\/section><section id=\"ydipinvxxdfhgksgjdwalpcmqvslzaeroqiu\" class=\"brz-section brz-css-zjwnr\" data-brz-uid=\"ydipinvxxdfhgksgjdwalpcmqvslzaeroqiu\">\r\n<div class=\"brz-section__content brz-section--boxed brz-css-eiaoa brz-css-grnko\" data-brz-custom-id=\"ghitlsguybwjcqpkojykgrxlqvdqmcqvjfth\">\r\n<div class=\"brz-container brz-css-lacda\">\r\n<div class=\"brz-row__container brz-css-qwkhd\" data-brz-custom-id=\"dgnoefaoojumdsfxulhuryysuefbbxzabtht\">\r\n<div class=\"brz-row brz-css-qnpbz brz-css-vywea\">\r\n<div class=\"brz-columns brz-css-amzgg\" data-brz-custom-id=\"ljmekyrqbrpctuwgnnpojwrhausvwaozubwf\">\r\n<div class=\"brz-column__items brz-css-bahnk\">\r\n<div id=\"\" class=\"brz-css-mkpph brz-wrapper\">\r\n<div class=\"brz-rich-text brz-rich-text__custom brz-css-rbdpy\" data-brz-custom-id=\"wuhhvhvsavjisqbxsvqjkxscinnhlniwyezk\">\r\n<div data-brz-translate-text=\"1\">\r\n<p class=\"brz-tp-lg-paragraph brz-css-pjdlj\" data-generated-css=\"brz-css-vjroc\" data-uniq-id=\"osdms\">The most important field of work of a thoracic surgeon is the surgical treatment of lung cancer, which is one of the most common cancers in our country. We performed the first lung cancer surgery with the closed method, that is, VATS, in 2007, whereas lung cancer surgeries were previously performed with the open method in all patients. By further developing this method, we have successfully performed the minimally invasive operation in the world, called single-port VATS, which is performed with an incision of only 3 to 5 cm, on more than 3,000 patients by 2022.<\/p>\r\n\r\n<\/div>\r\n<\/div>\r\n<\/div>\r\n<\/div>\r\n<\/div>\r\n<\/div>\r\n<\/div>\r\n<\/div>\r\n<\/div>\r\n<\/section>[\/vc_column_text]\n     <\/div>\n   <\/div>\n <\/div><div class=\"card \">\n   <div class=\"card-header bg-white pix-mb-10 shadow-sm rounded-lg\" id=\"heading1732988933871-52b75159-8c0c\">\n       <button class=\"btn btn-link text-left rounded-lg bg-white\" type=\"button\" data-toggle=\"collapse\" data-target=\"#collapse1732988933871-52b75159-8c0c\" aria-expanded=\"true\" aria-controls=\"collapse1732988933871-52b75159-8c0c\" ><span class=\"font-weight-bold text-heading-default\" >International Activities<\/span><\/button>\n   <\/div>\n   <div id=\"collapse1732988933871-52b75159-8c0c\" class=\"collapse   vc_custom_1733084960400\" aria-labelledby=\"heading1732988933871-52b75159-8c0c\">\n     <div class=\"card-body\">\n         [vc_column_text css=&#8221;&#8221;]He is the first Turkish thoracic surgeon to be elected as the president of The European Society of Thoracic Surgeons. He served on the Society&#8217;s Board of Directors from 2000 to 2006, including the role he was unanimously elected to in 2005.\r\n\r\nIn 2006, he founded the European School of Thoracic Surgery and served as its director for many years.\r\n\r\nHe has taught thoracic surgery specialists in Bologna, Italy, and Elancourt, France.\r\n\r\nHe has been a guest speaker or moderator at more than forty international scientific meetings.\r\n\r\nHe organized and chaired the European Thoracic Surgery Congress, which was the first and only of its kind held in Turkey in 2002.[\/vc_column_text]\n     <\/div>\n   <\/div>\n <\/div><div class=\"card \">\n   <div class=\"card-header bg-white pix-mb-10 shadow-sm rounded-lg\" id=\"heading1732988933891-a2b4b179-bd78\">\n       <button class=\"btn btn-link text-left rounded-lg bg-white\" type=\"button\" data-toggle=\"collapse\" data-target=\"#collapse1732988933891-a2b4b179-bd78\" aria-expanded=\"true\" aria-controls=\"collapse1732988933891-a2b4b179-bd78\" ><span class=\"font-weight-bold text-heading-default\" >Professional Career<\/span><\/button>\n   <\/div>\n   <div id=\"collapse1732988933891-a2b4b179-bd78\" class=\"collapse   vc_custom_1733084970116\" aria-labelledby=\"heading1732988933891-a2b4b179-bd78\">\n     <div class=\"card-body\">\n         [vc_column_text css=&#8221;&#8221;]\r\n<ul>\r\n \t<li><strong>Heybeliada<\/strong>\u00a0Chest Diseases and Thoracic Surgery Training and Research Hospital \u2013 Chief Assistant (1992-1998)<\/li>\r\n \t<li><strong>S\u00fcreyyapa\u015fa<\/strong>\u00a0Chest Diseases and Thoracic Surgery Training and Research Hospital (1998-2003)<\/li>\r\n \t<li><strong>Head of the Department of Thoracic Surgery at the American Hospital (2003-2005)<\/strong>\u00a0(<em>I resigned from this position due to the Full Time Law for Chief Physicians enacted in 2005<\/em>),<\/li>\r\n \t<li><strong>S\u00fcreyyapa\u015fa Chest Diseases and Thoracic Surgery Training and Research Hospital, Chief Physician and Thoracic Surgery Clinic Chief<\/strong>(2003-2008),<\/li>\r\n \t<li><strong>President of the European Association of Thoracic Surgeons<\/strong>(2005-2006)<\/li>\r\n \t<li><strong>Founding Director of the European School of Thoracic Surgery<\/strong>(2006-2011)<\/li>\r\n \t<li><strong>Head of the Department of Thoracic Surgery, Faculty of Medicine, Istanbul Science University (<\/strong>2008-2009)<\/li>\r\n \t<li><strong>Head of the Department of Thoracic Surgery, Ac\u0131badem University Faculty of Medicine<\/strong>\u00a0(2009 \u2013 present)<\/li>\r\n<\/ul>\r\n[\/vc_column_text]\n     <\/div>\n   <\/div>\n <\/div><div class=\"card \">\n   <div class=\"card-header bg-white pix-mb-10 shadow-sm rounded-lg\" id=\"heading1733049529001-088f87ba-080e\">\n       <button class=\"btn btn-link text-left rounded-lg bg-white\" type=\"button\" data-toggle=\"collapse\" data-target=\"#collapse1733049529001-088f87ba-080e\" aria-expanded=\"true\" aria-controls=\"collapse1733049529001-088f87ba-080e\" ><span class=\"font-weight-bold text-heading-default\" >Scientific Publications<\/span><\/button>\n   <\/div>\n   <div id=\"collapse1733049529001-088f87ba-080e\" class=\"collapse   vc_custom_1733084977474\" aria-labelledby=\"heading1733049529001-088f87ba-080e\">\n     <div class=\"card-body\">\n         [vc_column_text css=&#8221;&#8221;]\r\n<ul>\r\n \t<li class=\"publication-item \"><strong><span class=\"publication\">Lingual inferior segmentectomy for a 7-cm pulmonary arteriovenous malformation.\r\n<\/span><\/strong>Okur E, Baysungur V, Tezel C, Sevilgen G, Halezeroglu S. Thorac Cardiovasc Surg. 2009 Jun;57(4):243-4<\/li>\r\n \t<li class=\"publication-item \"><strong><span class=\"publication\">Lung decortication for chronic empyaema: effects on pulmonary function and thoracic asymmetry in the late period.\r\n<\/span><\/strong>Gokce M, Okur E, Baysungur V, Ergene G, Sevilgen G, Halezeroglu S. Eur J Cardiothorac Surg. 2009 Oct;36(4):754-8<\/li>\r\n \t<li class=\"publication-item \"><strong><span class=\"publication\">Comprehensive analysis of 4205 patients with chest trauma: a 10-year experience.\r\n<\/span><\/strong>Demirhan R, Onan B, Oz K, Halezeroglu S. Interact Cardiovasc Thorac Surg. 2009 Sep;9(3):450-3<\/li>\r\n \t<li class=\"publication-item \"><strong><span class=\"publication\">Extrapleural pneumonectomy for pyothorax-associated lymphoma.\r\n<\/span><\/strong>Halezeroglu S, Akcevin A. Interact Cardiovasc Thorac Surg. 2009 Sep;9(3):554-5<\/li>\r\n \t<li class=\"publication-item \"><strong><span class=\"publication\">The treatment results of patients with multidrug resistant tuberculosis and factors affecting treatment outcome.\r\n<\/span><\/strong>Karag\u00f6z T, Yazicio\u011flu Mo\u00e7in O, Pazarli P, Senol T, Yeti\u015f Duman D, Duman G, Salt\u00fcrk C, Unal O, Halezero\u011flu S. Tuberk Toraks. 2009;57(4):383-92<\/li>\r\n \t<li class=\"publication-item\"><strong><span class=\"publication\">Partial resection of persistent left superior vena cava for a T4 lung cancer.\r\n<\/span><\/strong>Okur E, Tezel C, Baysungur V, Halezero\u011flu S. J Thorac Cardiovasc Surg. 2008;136(4):1080-1<\/li>\r\n \t<li class=\"publication-item\"><strong><span class=\"publication\">Delays in the Diagnosis and Treatment of Primary Lung Cancer: Are Longer Delays Associated with Advanced Pathological Stage?\r\n<\/span><\/strong>Yilmaz A, Damadoglu A, Salturk C, Okur E, Tuncer L, Halezeroglu S. Upsala J Med Sci 113 (3): 287-296, 2008<\/li>\r\n \t<li class=\"publication-item\"><strong><span class=\"publication\">Pleomorphic carcinoma of the lung: a report of six cases.\r\n<\/span><\/strong>Yilmaz A, Sulu E, Arin\u00e7 S, Salt\u00fcrk C, Okur E, Aksoy F, Halezero\u011flu S. Tuberk Toraks. 2007;55(3):290-4<\/li>\r\n \t<li class=\"publication-item\"><strong><span class=\"publication\">Cell type accuracy of transthoracic fine needle aspiration in primary lung cancer.\r\n<\/span><\/strong>Ya\u011fci Tuncer L, Arin\u00e7 S, Karabay O\u011f\u00fct\u00e7\u00fc E, Ertu\u011frul M, Nergiz S, Okur E, Halezero\u011flu S. Tuberk Toraks. 2007; 55(2):148-52<\/li>\r\n \t<li class=\"publication-item\"><strong><span class=\"publication\">Enthusiasm: Where thoracic surgery gets its power.\r\n<\/span><\/strong>Halezeroglu S. Eur J Cardiothorac Surg. Dec 2006; 30(6): 825-6. Epub 2006 Oct 24<\/li>\r\n \t<li class=\"publication-item\"><strong><span class=\"publication\">Surgical approach to multiresistant cavitary mycobacteriosis.\r\n<\/span><\/strong>Halezeroglu S. Breathe, March 2005, Volume 1:3<\/li>\r\n \t<li class=\"publication-item\"><strong><span class=\"publication\">Papillary carcinoma arising on cervico-mediastinal thyroglossal ductal cyst resected via transcervical and partial upper sternotomy incision.\r\n<\/span><\/strong>Baysungur SV, Okur E, Halezeroglu S, Atasalihi A. Eur J Cardiothorac Surg. 2002;22(5):842-4<\/li>\r\n<\/ul>\r\n[\/vc_column_text]\n     <\/div>\n   <\/div>\n <\/div><div class=\"card \">\n   <div class=\"card-header bg-white pix-mb-10 shadow-sm rounded-lg\" id=\"heading1733049773026-9cb844a9-72b6\">\n       <button class=\"btn btn-link text-left rounded-lg bg-white\" type=\"button\" data-toggle=\"collapse\" data-target=\"#collapse1733049773026-9cb844a9-72b6\" aria-expanded=\"true\" aria-controls=\"collapse1733049773026-9cb844a9-72b6\" ><span class=\"font-weight-bold text-heading-default\" >Memberships<\/span><\/button>\n   <\/div>\n   <div id=\"collapse1733049773026-9cb844a9-72b6\" class=\"collapse   vc_custom_1733084983164\" aria-labelledby=\"heading1733049773026-9cb844a9-72b6\">\n     <div class=\"card-body\">\n         [vc_column_text css=&#8221;&#8221;]\r\n<ul>\r\n \t<li>Turkish Respiratory Research Association<\/li>\r\n \t<li>Turkish Thoracic Surgery Association<\/li>\r\n \t<li>European Association of Thoracic Surgeons<\/li>\r\n \t<li>International Lung Cancer Association<\/li>\r\n \t<li>Turkish Thoracic Association<\/li>\r\n<\/ul>\r\n[\/vc_column_text]\n     <\/div>\n   <\/div>\n <\/div><\/div>[\/vc_column][\/vc_row]<\/div>","protected":false},"excerpt":{"rendered":"[vc_row pix_particles_check=&#8221;&#8221;][vc_column css=&#8221;.vc_custom_1733056885672{padding: 10px !important;background-color: #FFFFFF !important;border-radius: 5px !important;border-color: #FFFFFF !important;}&#8221;][vc_column_text css=&#8221;&#8221;] Istanbul University, Cerrahpa\u015fa Faculty of Medicine (1981-1987) Thoracic Surgery Specialist (1992) Associate Professor (2001) European Certification in Thoracic, Cardiac, and Vascular Surgery (FETCS) (2001) Professor (2008) Minimally Invasive&#8230;","protected":false},"author":1,"featured_media":0,"parent":0,"menu_order":0,"comment_status":"closed","ping_status":"closed","template":"","meta":{"footnotes":""},"class_list":["post-988006","page","type-page","status-publish","hentry"],"_links":{"self":[{"href":"https:\/\/semihhalezeroglu.com.tr\/en\/wp-json\/wp\/v2\/pages\/988006","targetHints":{"allow":["GET"]}}],"collection":[{"href":"https:\/\/semihhalezeroglu.com.tr\/en\/wp-json\/wp\/v2\/pages"}],"about":[{"href":"https:\/\/semihhalezeroglu.com.tr\/en\/wp-json\/wp\/v2\/types\/page"}],"author":[{"embeddable":true,"href":"https:\/\/semihhalezeroglu.com.tr\/en\/wp-json\/wp\/v2\/users\/1"}],"replies":[{"embeddable":true,"href":"https:\/\/semihhalezeroglu.com.tr\/en\/wp-json\/wp\/v2\/comments?post=988006"}],"version-history":[{"count":4,"href":"https:\/\/semihhalezeroglu.com.tr\/en\/wp-json\/wp\/v2\/pages\/988006\/revisions"}],"predecessor-version":[{"id":988629,"href":"https:\/\/semihhalezeroglu.com.tr\/en\/wp-json\/wp\/v2\/pages\/988006\/revisions\/988629"}],"wp:attachment":[{"href":"https:\/\/semihhalezeroglu.com.tr\/en\/wp-json\/wp\/v2\/media?parent=988006"}],"curies":[{"name":"wp","href":"https:\/\/api.w.org\/{rel}","templated":true}]}}